{"id":406,"date":"2024-10-17T15:33:58","date_gmt":"2024-10-17T18:33:58","guid":{"rendered":"https:\/\/www.carpenedo.com.br\/?page_id=406"},"modified":"2024-11-11T11:09:55","modified_gmt":"2024-11-11T14:09:55","slug":"contratos","status":"publish","type":"page","link":"https:\/\/www.carpenedo.com.br\/?page_id=406","title":{"rendered":"CONTRATOS"},"content":{"rendered":"\t\t<div data-elementor-type=\"wp-page\" data-elementor-id=\"406\" class=\"elementor elementor-406\" data-elementor-post-type=\"page\">\n\t\t\t\t\t\t<section class=\"elementor-section elementor-top-section elementor-element elementor-element-926ee2c elementor-section-content-middle elementor-section-boxed elementor-section-height-default elementor-section-height-default\" data-id=\"926ee2c\" data-element_type=\"section\">\n\t\t\t\t\t\t<div class=\"elementor-container elementor-column-gap-no\">\n\t\t\t\t\t<div class=\"elementor-column elementor-col-50 elementor-top-column elementor-element elementor-element-d8c60a3\" data-id=\"d8c60a3\" data-element_type=\"column\">\n\t\t\t<div class=\"elementor-widget-wrap elementor-element-populated\">\n\t\t\t\t\t\t<div class=\"elementor-element elementor-element-17140eb elementor-widget-divider--view-line_text elementor-widget-divider--element-align-center elementor-widget elementor-widget-divider\" data-id=\"17140eb\" data-element_type=\"widget\" data-widget_type=\"divider.default\">\n\t\t\t\t<div class=\"elementor-widget-container\">\n\t\t\t\t\t\t\t<div class=\"elementor-divider\">\n\t\t\t<span class=\"elementor-divider-separator\">\n\t\t\t\t\t\t\t<span class=\"elementor-divider__text elementor-divider__element\">\n\t\t\t\tTranspar\u00eancia de contratos\t\t\t\t<\/span>\n\t\t\t\t\t\t<\/span>\n\t\t<\/div>\n\t\t\t\t\t\t<\/div>\n\t\t\t\t<\/div>\n\t\t\t\t<div class=\"elementor-element elementor-element-cca4c40 elementor-widget__width-initial elementor-widget elementor-widget-icon-box\" data-id=\"cca4c40\" data-element_type=\"widget\" data-widget_type=\"icon-box.default\">\n\t\t\t\t<div class=\"elementor-widget-container\">\n\t\t\t\t\t\t\t<div class=\"elementor-icon-box-wrapper\">\n\n\t\t\t\n\t\t\t\t\t\t<div class=\"elementor-icon-box-content\">\n\n\t\t\t\t\t\t\t\t\t<h2 class=\"elementor-icon-box-title\">\n\t\t\t\t\t\t<span  >\n\t\t\t\t\t\t\tContratos e editais sempre vis\u00edveis\t\t\t\t\t\t<\/span>\n\t\t\t\t\t<\/h2>\n\t\t\t\t\n\t\t\t\t\t\t\t\t\t<p class=\"elementor-icon-box-description\">\n\t\t\t\t\t\tAo lado, voc\u00ea ver\u00e1 um v\u00eddeo tutorial sobre como usar o LicitaCon, o sistema onde \u00e9 poss\u00edvel consultar todos os editais e contratos em que a empresa Carpenedo participa. No v\u00eddeo, mostramos como acess\u00e1-los facilmente e como a plataforma garante transpar\u00eancia total em todos os processos, seja no setor p\u00fablico ou privado.\n\nA LicitaCon \u00e9 uma ferramenta que permite acompanhar de perto nossa participa\u00e7\u00e3o em licita\u00e7\u00f5es e contratos, com total clareza sobre valores, prazos e condi\u00e7\u00f5es.<br><br>Abaixo o link e CNPJ da empresa para consulta.<br>Link: https:\/\/portal.tce.rs.gov.br\/aplicprod\/f?p=50500:1::::::<br>CNPJ: 95818399000129\t\t\t\t\t<\/p>\n\t\t\t\t\n\t\t\t<\/div>\n\t\t\t\n\t\t<\/div>\n\t\t\t\t\t\t<\/div>\n\t\t\t\t<\/div>\n\t\t\t\t\t<\/div>\n\t\t<\/div>\n\t\t\t\t<div class=\"elementor-column elementor-col-50 elementor-top-column elementor-element elementor-element-0cfb121\" data-id=\"0cfb121\" data-element_type=\"column\">\n\t\t\t<div class=\"elementor-widget-wrap elementor-element-populated\">\n\t\t\t\t\t\t<div class=\"elementor-element elementor-element-b2f4f3c elementor-widget elementor-widget-video\" data-id=\"b2f4f3c\" data-element_type=\"widget\" data-settings=\"{&quot;youtube_url&quot;:&quot;https:\\\/\\\/youtu.be\\\/8foUgOAwxiQ&quot;,&quot;video_type&quot;:&quot;youtube&quot;,&quot;controls&quot;:&quot;yes&quot;}\" data-widget_type=\"video.default\">\n\t\t\t\t<div class=\"elementor-widget-container\">\n\t\t\t\t\t\t\t<div class=\"elementor-wrapper elementor-open-inline\">\n\t\t\t<div class=\"elementor-video\"><\/div>\t\t<\/div>\n\t\t\t\t\t\t<\/div>\n\t\t\t\t<\/div>\n\t\t\t\t\t<\/div>\n\t\t<\/div>\n\t\t\t\t\t<\/div>\n\t\t<\/section>\n\t\t\t\t<\/div>\n\t\t","protected":false},"excerpt":{"rendered":"<p>Transpar\u00eancia de contratos Contratos e editais sempre vis\u00edveis Ao lado, voc\u00ea ver\u00e1 um v\u00eddeo tutorial sobre como usar o LicitaCon, o sistema onde \u00e9 poss\u00edvel consultar todos os editais e contratos em que a empresa Carpenedo participa. No v\u00eddeo, mostramos como acess\u00e1-los facilmente e como a plataforma garante transpar\u00eancia total em todos os processos, seja [&hellip;]<\/p>\n","protected":false},"author":2,"featured_media":0,"parent":0,"menu_order":0,"comment_status":"closed","ping_status":"closed","template":"","meta":{"footnotes":""},"class_list":["post-406","page","type-page","status-publish","hentry"],"_links":{"self":[{"href":"https:\/\/www.carpenedo.com.br\/index.php?rest_route=\/wp\/v2\/pages\/406","targetHints":{"allow":["GET"]}}],"collection":[{"href":"https:\/\/www.carpenedo.com.br\/index.php?rest_route=\/wp\/v2\/pages"}],"about":[{"href":"https:\/\/www.carpenedo.com.br\/index.php?rest_route=\/wp\/v2\/types\/page"}],"author":[{"embeddable":true,"href":"https:\/\/www.carpenedo.com.br\/index.php?rest_route=\/wp\/v2\/users\/2"}],"replies":[{"embeddable":true,"href":"https:\/\/www.carpenedo.com.br\/index.php?rest_route=%2Fwp%2Fv2%2Fcomments&post=406"}],"version-history":[{"count":22,"href":"https:\/\/www.carpenedo.com.br\/index.php?rest_route=\/wp\/v2\/pages\/406\/revisions"}],"predecessor-version":[{"id":463,"href":"https:\/\/www.carpenedo.com.br\/index.php?rest_route=\/wp\/v2\/pages\/406\/revisions\/463"}],"wp:attachment":[{"href":"https:\/\/www.carpenedo.com.br\/index.php?rest_route=%2Fwp%2Fv2%2Fmedia&parent=406"}],"curies":[{"name":"wp","href":"https:\/\/api.w.org\/{rel}","templated":true}]}}