{"id":404,"date":"2024-10-17T15:33:42","date_gmt":"2024-10-17T18:33:42","guid":{"rendered":"https:\/\/www.carpenedo.com.br\/?page_id=404"},"modified":"2024-12-12T18:04:39","modified_gmt":"2024-12-12T21:04:39","slug":"programa-de-integridade","status":"publish","type":"page","link":"https:\/\/www.carpenedo.com.br\/?page_id=404","title":{"rendered":"PROGRAMA DE INTEGRIDADE"},"content":{"rendered":"\t\t<div data-elementor-type=\"wp-page\" data-elementor-id=\"404\" class=\"elementor elementor-404\" data-elementor-post-type=\"page\">\n\t\t\t\t\t\t<section class=\"elementor-section elementor-top-section elementor-element elementor-element-f4fa666 elementor-section-content-middle elementor-section-boxed elementor-section-height-default elementor-section-height-default\" data-id=\"f4fa666\" data-element_type=\"section\">\n\t\t\t\t\t\t<div class=\"elementor-container elementor-column-gap-no\">\n\t\t\t\t\t<div class=\"elementor-column elementor-col-100 elementor-top-column elementor-element elementor-element-424b55a\" data-id=\"424b55a\" data-element_type=\"column\">\n\t\t\t<div class=\"elementor-widget-wrap elementor-element-populated\">\n\t\t\t\t\t\t<div class=\"elementor-element elementor-element-21d9d52 elementor-widget-divider--view-line_text elementor-widget-divider--element-align-center elementor-widget elementor-widget-divider\" data-id=\"21d9d52\" data-element_type=\"widget\" data-widget_type=\"divider.default\">\n\t\t\t\t<div class=\"elementor-widget-container\">\n\t\t\t\t\t\t\t<div class=\"elementor-divider\">\n\t\t\t<span class=\"elementor-divider-separator\">\n\t\t\t\t\t\t\t<span class=\"elementor-divider__text elementor-divider__element\">\n\t\t\t\tC\u00f3digo de \u00c9tica \/ comiss\u00e3o de \u00e9tica\t\t\t\t<\/span>\n\t\t\t\t\t\t<\/span>\n\t\t<\/div>\n\t\t\t\t\t\t<\/div>\n\t\t\t\t<\/div>\n\t\t\t\t<div class=\"elementor-element elementor-element-d2594b6 elementor-widget__width-initial elementor-widget elementor-widget-icon-box\" data-id=\"d2594b6\" data-element_type=\"widget\" data-widget_type=\"icon-box.default\">\n\t\t\t\t<div class=\"elementor-widget-container\">\n\t\t\t\t\t\t\t<div class=\"elementor-icon-box-wrapper\">\n\n\t\t\t\n\t\t\t\t\t\t<div class=\"elementor-icon-box-content\">\n\n\t\t\t\t\t\t\t\t\t<h2 class=\"elementor-icon-box-title\">\n\t\t\t\t\t\t<span  >\n\t\t\t\t\t\t\tSupervis\u00e3o, integridade, normas, conduta, responsabilidade\n\t\t\t\t\t\t<\/span>\n\t\t\t\t\t<\/h2>\n\t\t\t\t\n\t\t\t\t\t\t\t\t\t<p class=\"elementor-icon-box-description\">\n\t\t\t\t\t\tO C\u00f3digo de \u00c9tica da empresa pode ser acessado atrav\u00e9s de um documento em formato PDF, que est\u00e1 dispon\u00edvel no site oficial. Esse documento \u00e9 extenso e foi desenvolvido de maneira detalhada e minuciosa, abrangendo diversas p\u00e1ginas que apresentam um conte\u00fado estruturado e completo sobre os princ\u00edpios e normas \u00e9ticas que regem o comportamento dentro da organiza\u00e7\u00e3o. Atrav\u00e9s desse material, a empresa busca fornecer orienta\u00e7\u00f5es claras e consistentes para todos os colaboradores, garantindo que os valores e pr\u00e1ticas \u00e9ticas sejam seguidos de maneira uniforme em todas as \u00e1reas e n\u00edveis da empresa.<br>\t\t\t\t\t<\/p>\n\t\t\t\t\n\t\t\t<\/div>\n\t\t\t\n\t\t<\/div>\n\t\t\t\t\t\t<\/div>\n\t\t\t\t<\/div>\n\t\t\t\t\t<\/div>\n\t\t<\/div>\n\t\t\t\t\t<\/div>\n\t\t<\/section>\n\t\t<div class=\"elementor-element elementor-element-f04549b e-flex e-con-boxed e-con e-parent\" data-id=\"f04549b\" data-element_type=\"container\">\n\t\t\t\t\t<div class=\"e-con-inner\">\n\t\t\t\t<div class=\"elementor-element elementor-element-d7b6c8e elementor-widget elementor-widget-text-editor\" data-id=\"d7b6c8e\" data-element_type=\"widget\" data-widget_type=\"text-editor.default\">\n\t\t\t\t<div class=\"elementor-widget-container\">\n\t\t\t\t\t\t\t\t\t<p>Clique e confira o nosso C\u00f3digo de \u00c9tica.<\/p>\t\t\t\t\t\t\t\t<\/div>\n\t\t\t\t<\/div>\n\t\t\t\t\t<\/div>\n\t\t\t\t<\/div>\n\t\t<div class=\"elementor-element elementor-element-7743578 e-flex e-con-boxed e-con e-parent\" data-id=\"7743578\" data-element_type=\"container\">\n\t\t\t\t\t<div class=\"e-con-inner\">\n\t\t<div class=\"elementor-element elementor-element-718b66d e-con-full e-flex e-con e-child\" data-id=\"718b66d\" data-element_type=\"container\">\n\t\t\t\t<div class=\"elementor-element elementor-element-2ebd910 elementor-widget elementor-widget-image\" data-id=\"2ebd910\" data-element_type=\"widget\" data-widget_type=\"image.default\">\n\t\t\t\t<div class=\"elementor-widget-container\">\n\t\t\t\t\t\t\t\t\t\t\t\t\t\t\t\t<a href=\"https:\/\/drive.google.com\/file\/d\/1gXhmv-ckInNs6wc1NLOETDekIaqwYyG_\/view?usp=drive_link\">\n\t\t\t\t\t\t\t<img decoding=\"async\" width=\"150\" height=\"150\" src=\"https:\/\/www.carpenedo.com.br\/wp-content\/uploads\/2024\/11\/unnamed-150x150.png\" class=\"attachment-thumbnail size-thumbnail wp-image-502\" alt=\"\" srcset=\"https:\/\/www.carpenedo.com.br\/wp-content\/uploads\/2024\/11\/unnamed-150x150.png 150w, https:\/\/www.carpenedo.com.br\/wp-content\/uploads\/2024\/11\/unnamed-300x300.png 300w, https:\/\/www.carpenedo.com.br\/wp-content\/uploads\/2024\/11\/unnamed.png 512w\" sizes=\"(max-width: 150px) 100vw, 150px\" \/>\t\t\t\t\t\t\t\t<\/a>\n\t\t\t\t\t\t\t\t\t\t\t\t\t\t\t<\/div>\n\t\t\t\t<\/div>\n\t\t\t\t<\/div>\n\t\t\t\t\t<\/div>\n\t\t\t\t<\/div>\n\t\t\t\t<section class=\"elementor-section elementor-top-section elementor-element elementor-element-13ffffb elementor-section-content-middle elementor-section-boxed elementor-section-height-default elementor-section-height-default\" data-id=\"13ffffb\" data-element_type=\"section\">\n\t\t\t\t\t\t<div class=\"elementor-container elementor-column-gap-no\">\n\t\t\t\t\t<div class=\"elementor-column elementor-col-50 elementor-top-column elementor-element elementor-element-7bd7afa\" data-id=\"7bd7afa\" data-element_type=\"column\" data-settings=\"{&quot;background_background&quot;:&quot;classic&quot;}\">\n\t\t\t<div class=\"elementor-widget-wrap elementor-element-populated\">\n\t\t\t\t\t\t<div class=\"elementor-element elementor-element-c2f1982 elementor-widget elementor-widget-icon-box\" data-id=\"c2f1982\" data-element_type=\"widget\" data-widget_type=\"icon-box.default\">\n\t\t\t\t<div class=\"elementor-widget-container\">\n\t\t\t\t\t\t\t<div class=\"elementor-icon-box-wrapper\">\n\n\t\t\t\n\t\t\t\t\t\t<div class=\"elementor-icon-box-content\">\n\n\t\t\t\t\t\t\t\t\t<h3 class=\"elementor-icon-box-title\">\n\t\t\t\t\t\t<span  >\n\t\t\t\t\t\t\tMENSAGEM DA DIRETORIA\t\t\t\t\t\t<\/span>\n\t\t\t\t\t<\/h3>\n\t\t\t\t\n\t\t\t\t\n\t\t\t<\/div>\n\t\t\t\n\t\t<\/div>\n\t\t\t\t\t\t<\/div>\n\t\t\t\t<\/div>\n\t\t\t\t\t<\/div>\n\t\t<\/div>\n\t\t\t\t<div class=\"elementor-column elementor-col-50 elementor-top-column elementor-element elementor-element-bde326a\" data-id=\"bde326a\" data-element_type=\"column\" data-settings=\"{&quot;background_background&quot;:&quot;classic&quot;}\">\n\t\t\t<div class=\"elementor-widget-wrap elementor-element-populated\">\n\t\t\t\t\t\t<div class=\"elementor-element elementor-element-cd25b8b elementor-position-left elementor-view-stacked elementor-shape-circle elementor-mobile-position-top elementor-invisible elementor-widget elementor-widget-icon-box\" data-id=\"cd25b8b\" data-element_type=\"widget\" data-settings=\"{&quot;_animation&quot;:&quot;fadeInUp&quot;}\" data-widget_type=\"icon-box.default\">\n\t\t\t\t<div class=\"elementor-widget-container\">\n\t\t\t\t\t\t\t<div class=\"elementor-icon-box-wrapper\">\n\n\t\t\t\t\t\t<div class=\"elementor-icon-box-icon\">\n\t\t\t\t<span  class=\"elementor-icon\">\n\t\t\t\t<svg aria-hidden=\"true\" class=\"e-font-icon-svg e-far-comment\" viewBox=\"0 0 512 512\" xmlns=\"http:\/\/www.w3.org\/2000\/svg\"><path d=\"M256 32C114.6 32 0 125.1 0 240c0 47.6 19.9 91.2 52.9 126.3C38 405.7 7 439.1 6.5 439.5c-6.6 7-8.4 17.2-4.6 26S14.4 480 24 480c61.5 0 110-25.7 139.1-46.3C192 442.8 223.2 448 256 448c141.4 0 256-93.1 256-208S397.4 32 256 32zm0 368c-26.7 0-53.1-4.1-78.4-12.1l-22.7-7.2-19.5 13.8c-14.3 10.1-33.9 21.4-57.5 29 7.3-12.1 14.4-25.7 19.9-40.2l10.6-28.1-20.6-21.8C69.7 314.1 48 282.2 48 240c0-88.2 93.3-160 208-160s208 71.8 208 160-93.3 160-208 160z\"><\/path><\/svg>\t\t\t\t<\/span>\n\t\t\t<\/div>\n\t\t\t\n\t\t\t\t\t\t<div class=\"elementor-icon-box-content\">\n\n\t\t\t\t\t\t\t\t\t<div class=\"elementor-icon-box-title\">\n\t\t\t\t\t\t<span  >\n\t\t\t\t\t\t\tO compromisso da empresa com a integridade vem consubstanciado no C\u00f3digo de \u00c9tica e Conduta que foi constitu\u00eddo com o objetivo de buscar transpar\u00eancia, humildade e comprometimento de todos os envolvidos no processo de implementa\u00e7\u00e3o do seu programa de integridade. \nO sucesso da empresa depende do esfor\u00e7o de todas as rela\u00e7\u00f5es que ela estabelece, da sua capacidade profissional e do envolvimento direto disso tudo com os objetivos da Carpenedo e Cia Ltda.\nN\u00f3s acreditamos em nossos profissionais e contamos com o compromisso de todos no cumprimento e na observa\u00e7\u00e3o das normas p\u00e1trias e internas da empresa em busca da excel\u00eancia do programa de integridade.\n<br>Lucas Dinon Carpenedo\n<br>Valdir&nbsp;Turra&nbsp;Carpenedo\t\t\t\t\t\t<\/span>\n\t\t\t\t\t<\/div>\n\t\t\t\t\n\t\t\t\t\n\t\t\t<\/div>\n\t\t\t\n\t\t<\/div>\n\t\t\t\t\t\t<\/div>\n\t\t\t\t<\/div>\n\t\t\t\t\t<\/div>\n\t\t<\/div>\n\t\t\t\t\t<\/div>\n\t\t<\/section>\n\t\t<div class=\"elementor-element elementor-element-fff403c e-flex e-con-boxed e-con e-parent\" data-id=\"fff403c\" data-element_type=\"container\">\n\t\t\t\t\t<div class=\"e-con-inner\">\n\t\t<div class=\"elementor-element elementor-element-206d1ed e-con-full e-flex e-con e-child\" data-id=\"206d1ed\" data-element_type=\"container\">\n\t\t\t\t<\/div>\n\t\t\t\t<div class=\"elementor-element elementor-element-43561ba elementor-widget__width-initial elementor-widget elementor-widget-image\" data-id=\"43561ba\" data-element_type=\"widget\" data-widget_type=\"image.default\">\n\t\t\t\t<div class=\"elementor-widget-container\">\n\t\t\t\t\t\t\t\t\t\t\t\t\t\t\t<img fetchpriority=\"high\" decoding=\"async\" width=\"1920\" height=\"1080\" src=\"https:\/\/www.carpenedo.com.br\/wp-content\/uploads\/2024\/11\/DIRETORIA.png\" class=\"attachment-full size-full wp-image-440\" alt=\"\" srcset=\"https:\/\/www.carpenedo.com.br\/wp-content\/uploads\/2024\/11\/DIRETORIA.png 1920w, https:\/\/www.carpenedo.com.br\/wp-content\/uploads\/2024\/11\/DIRETORIA-300x169.png 300w, https:\/\/www.carpenedo.com.br\/wp-content\/uploads\/2024\/11\/DIRETORIA-1024x576.png 1024w, https:\/\/www.carpenedo.com.br\/wp-content\/uploads\/2024\/11\/DIRETORIA-768x432.png 768w, https:\/\/www.carpenedo.com.br\/wp-content\/uploads\/2024\/11\/DIRETORIA-1536x864.png 1536w\" sizes=\"(max-width: 1920px) 100vw, 1920px\" \/>\t\t\t\t\t\t\t\t\t\t\t\t\t\t\t<\/div>\n\t\t\t\t<\/div>\n\t\t\t\t\t<\/div>\n\t\t\t\t<\/div>\n\t\t\t\t<\/div>\n\t\t","protected":false},"excerpt":{"rendered":"<p>C\u00f3digo de \u00c9tica \/ comiss\u00e3o de \u00e9tica Supervis\u00e3o, integridade, normas, conduta, responsabilidade O C\u00f3digo de \u00c9tica da empresa pode ser acessado atrav\u00e9s de um documento em formato PDF, que est\u00e1 dispon\u00edvel no site oficial. Esse documento \u00e9 extenso e foi desenvolvido de maneira detalhada e minuciosa, abrangendo diversas p\u00e1ginas que apresentam um conte\u00fado estruturado e [&hellip;]<\/p>\n","protected":false},"author":2,"featured_media":0,"parent":0,"menu_order":0,"comment_status":"closed","ping_status":"closed","template":"","meta":{"footnotes":""},"class_list":["post-404","page","type-page","status-publish","hentry"],"_links":{"self":[{"href":"https:\/\/www.carpenedo.com.br\/index.php?rest_route=\/wp\/v2\/pages\/404","targetHints":{"allow":["GET"]}}],"collection":[{"href":"https:\/\/www.carpenedo.com.br\/index.php?rest_route=\/wp\/v2\/pages"}],"about":[{"href":"https:\/\/www.carpenedo.com.br\/index.php?rest_route=\/wp\/v2\/types\/page"}],"author":[{"embeddable":true,"href":"https:\/\/www.carpenedo.com.br\/index.php?rest_route=\/wp\/v2\/users\/2"}],"replies":[{"embeddable":true,"href":"https:\/\/www.carpenedo.com.br\/index.php?rest_route=%2Fwp%2Fv2%2Fcomments&post=404"}],"version-history":[{"count":46,"href":"https:\/\/www.carpenedo.com.br\/index.php?rest_route=\/wp\/v2\/pages\/404\/revisions"}],"predecessor-version":[{"id":547,"href":"https:\/\/www.carpenedo.com.br\/index.php?rest_route=\/wp\/v2\/pages\/404\/revisions\/547"}],"wp:attachment":[{"href":"https:\/\/www.carpenedo.com.br\/index.php?rest_route=%2Fwp%2Fv2%2Fmedia&parent=404"}],"curies":[{"name":"wp","href":"https:\/\/api.w.org\/{rel}","templated":true}]}}